{"id":4,"date":"2024-12-28T13:13:30","date_gmt":"2024-12-28T16:13:30","guid":{"rendered":"https:\/\/motos-motor.com.br\/fipet\/?page_id=4"},"modified":"2024-12-28T13:15:04","modified_gmt":"2024-12-28T16:15:04","slug":"politica-de-privacidade","status":"publish","type":"page","link":"https:\/\/motos-motor.com.br\/fipet\/politica-de-privacidade\/","title":{"rendered":"Privacidade"},"content":{"rendered":"\n<p>No Motos Motor, valorizamos a privacidade dos nossos visitantes e estamos dedicados a proteger suas informa\u00e7\u00f5es pessoais. Nossa Pol\u00edtica de Privacidade esclarece como coletamos, utilizamos, protegemos e divulgamos as informa\u00e7\u00f5es fornecidas por voc\u00ea ao visitar nosso blog.<\/p>\n\n\n\n<p>Coleta de Informa\u00e7\u00f5es:<br>N\u00e3o coletamos dados sens\u00edveis dos visitantes, como endere\u00e7o, nome completo, telefone ou outros dados pessoais. Em algumas p\u00e1ginas, oferecemos um formul\u00e1rio de coment\u00e1rio para permitir sua intera\u00e7\u00e3o com o conte\u00fado e outros coment\u00e1rios. Ao utilizar o formul\u00e1rio, solicitamos seu nome e endere\u00e7o de e-mail. Essas informa\u00e7\u00f5es s\u00e3o usadas exclusivamente para organizar os coment\u00e1rios. Voc\u00ea pode optar por receber notifica\u00e7\u00f5es de novos coment\u00e1rios por e-mail, mediante confirma\u00e7\u00e3o por meio de um link enviado ao seu e-mail, com a op\u00e7\u00e3o de cancelamento a qualquer momento. Todos os coment\u00e1rios passam por modera\u00e7\u00e3o antes de serem publicados.<\/p>\n\n\n\n<p>An\u00fancios do AdSense:<br>Utilizamos a plataforma de an\u00fancios do Google AdSense para exibir an\u00fancios relevantes em nosso blog. O AdSense pode coletar informa\u00e7\u00f5es n\u00e3o pessoais, como cookies, para exibir an\u00fancios com base em interesses. Esses dados s\u00e3o usados de acordo com as pol\u00edticas de privacidade do Google.<\/p>\n\n\n\n<p>Seguran\u00e7a:<br>Implementamos medidas de seguran\u00e7a para proteger suas informa\u00e7\u00f5es pessoais, como o e-mail fornecido no campo de coment\u00e1rios.<\/p>\n\n\n\n<p>Gostar\u00edamos de enfatizar que n\u00e3o vendemos os dados coletados nem enviamos conte\u00fado promocional ou de marketing para endere\u00e7os de e-mail n\u00e3o relacionados diretamente aos coment\u00e1rios postados. Respeitamos sua privacidade e nos comprometemos a n\u00e3o enviar informa\u00e7\u00f5es indesejadas.<\/p>\n\n\n\n<p>As informa\u00e7\u00f5es de e-mail fornecidas ser\u00e3o utilizadas somente para comunica\u00e7\u00e3o relacionada aos seus coment\u00e1rios. Mantemos um compromisso rigoroso em proteger suas informa\u00e7\u00f5es e utiliz\u00e1-las exclusivamente para os fins mencionados.<\/p>\n\n\n\n<p>Se tiver d\u00favidas ou preocupa\u00e7\u00f5es sobre nossa pol\u00edtica de privacidade ou o uso de suas informa\u00e7\u00f5es pessoais, entre em contato conosco por meio do formul\u00e1rio dispon\u00edvel no blog. Estaremos \u00e0 disposi\u00e7\u00e3o para ajudar.<\/p>\n\n\n\n<p>Atualizado em: 07\/06\/2023<\/p>\n","protected":false},"excerpt":{"rendered":"<p>No Motos Motor, valorizamos a privacidade dos nossos visitantes e estamos dedicados a proteger suas informa\u00e7\u00f5es pessoais. Nossa Pol\u00edtica de Privacidade esclarece como coletamos, utilizamos, protegemos e divulgamos as informa\u00e7\u00f5es fornecidas por voc\u00ea ao visitar nosso blog. Coleta de Informa\u00e7\u00f5es:N\u00e3o coletamos dados sens\u00edveis dos visitantes, como endere\u00e7o, nome completo, telefone ou outros dados pessoais. Em&#8230;<\/p>\n","protected":false},"author":1,"featured_media":0,"parent":0,"menu_order":0,"comment_status":"closed","ping_status":"closed","template":"","meta":{"footnotes":""},"class_list":["post-4","page","type-page","status-publish","hentry"],"_links":{"self":[{"href":"https:\/\/motos-motor.com.br\/fipet\/wp-json\/wp\/v2\/pages\/4","targetHints":{"allow":["GET"]}}],"collection":[{"href":"https:\/\/motos-motor.com.br\/fipet\/wp-json\/wp\/v2\/pages"}],"about":[{"href":"https:\/\/motos-motor.com.br\/fipet\/wp-json\/wp\/v2\/types\/page"}],"author":[{"embeddable":true,"href":"https:\/\/motos-motor.com.br\/fipet\/wp-json\/wp\/v2\/users\/1"}],"replies":[{"embeddable":true,"href":"https:\/\/motos-motor.com.br\/fipet\/wp-json\/wp\/v2\/comments?post=4"}],"version-history":[{"count":0,"href":"https:\/\/motos-motor.com.br\/fipet\/wp-json\/wp\/v2\/pages\/4\/revisions"}],"wp:attachment":[{"href":"https:\/\/motos-motor.com.br\/fipet\/wp-json\/wp\/v2\/media?parent=4"}],"curies":[{"name":"wp","href":"https:\/\/api.w.org\/{rel}","templated":true}]}}