{"id":6,"date":"2024-12-28T13:13:57","date_gmt":"2024-12-28T16:13:57","guid":{"rendered":"https:\/\/motos-motor.com.br\/fipet\/?page_id=6"},"modified":"2024-12-28T13:13:57","modified_gmt":"2024-12-28T16:13:57","slug":"contato","status":"publish","type":"page","link":"https:\/\/motos-motor.com.br\/fipet\/contato\/","title":{"rendered":"Contato"},"content":{"rendered":"\n<p>Agradecemos por visitar o Motos Motor! Estamos aqui para ajudar e responder perguntas, sugest\u00f5es ou consultas relacionadas ao nosso blog.<\/p>\n\n\n\n<p>Se voc\u00ea tiver d\u00favidas sobre um artigo espec\u00edfico, desejar compartilhar sua opini\u00e3o ou precisar entrar em contato conosco atrav\u00e9s da nossa p\u00e1gina no Facebook:&nbsp;<a href=\"https:\/\/www.facebook.com\/motosmotor\"  rel=\"noreferrer noopener\">Motos Motor<\/a>. L\u00e1 voc\u00ea pode enviar uma mensagem privada para nossa equipe.<\/p>\n\n\n\n<p>Por favor, observe que n\u00e3o aceitamos solicita\u00e7\u00f5es de publicidade direta. Para a seguran\u00e7a de nossos leitores e melhor satisfa\u00e7\u00e3o dos anunciantes, utilizamos exclusivamente o sistema do AdSense para exibi\u00e7\u00e3o de an\u00fancios em nosso site. Se voc\u00ea estiver interessado em anunciar conosco, recomendamos entrar em contato com o AdSense para obter mais informa\u00e7\u00f5es sobre como anunciar em nossa plataforma.<\/p>\n\n\n\n<p>Agradecemos por escolher o Motos Motor como sua fonte confi\u00e1vel de informa\u00e7\u00f5es sobre motocicletas. Aguardamos seu contato!<\/p>\n\n\n\n<p>Equipe Motos Motor<\/p>\n","protected":false},"excerpt":{"rendered":"<p>Agradecemos por visitar o Motos Motor! Estamos aqui para ajudar e responder perguntas, sugest\u00f5es ou consultas relacionadas ao nosso blog. Se voc\u00ea tiver d\u00favidas sobre um artigo espec\u00edfico, desejar compartilhar sua opini\u00e3o ou precisar entrar em contato conosco atrav\u00e9s da nossa p\u00e1gina no Facebook:&nbsp;Motos Motor. L\u00e1 voc\u00ea pode enviar uma mensagem privada para nossa equipe&#8230;.<\/p>\n","protected":false},"author":1,"featured_media":0,"parent":0,"menu_order":0,"comment_status":"closed","ping_status":"closed","template":"","meta":{"footnotes":""},"class_list":["post-6","page","type-page","status-publish","hentry"],"_links":{"self":[{"href":"https:\/\/motos-motor.com.br\/fipet\/wp-json\/wp\/v2\/pages\/6","targetHints":{"allow":["GET"]}}],"collection":[{"href":"https:\/\/motos-motor.com.br\/fipet\/wp-json\/wp\/v2\/pages"}],"about":[{"href":"https:\/\/motos-motor.com.br\/fipet\/wp-json\/wp\/v2\/types\/page"}],"author":[{"embeddable":true,"href":"https:\/\/motos-motor.com.br\/fipet\/wp-json\/wp\/v2\/users\/1"}],"replies":[{"embeddable":true,"href":"https:\/\/motos-motor.com.br\/fipet\/wp-json\/wp\/v2\/comments?post=6"}],"version-history":[{"count":0,"href":"https:\/\/motos-motor.com.br\/fipet\/wp-json\/wp\/v2\/pages\/6\/revisions"}],"wp:attachment":[{"href":"https:\/\/motos-motor.com.br\/fipet\/wp-json\/wp\/v2\/media?parent=6"}],"curies":[{"name":"wp","href":"https:\/\/api.w.org\/{rel}","templated":true}]}}