{"id":3712,"date":"2023-04-23T20:18:42","date_gmt":"2023-04-23T23:18:42","guid":{"rendered":"https:\/\/motos-motor.com.br\/sugerido\/?page_id=3712"},"modified":"2024-11-26T20:01:09","modified_gmt":"2024-11-26T23:01:09","slug":"contato","status":"publish","type":"page","link":"https:\/\/motos-motor.com.br\/sugerido\/contato\/","title":{"rendered":"Contato"},"content":{"rendered":"<p>Para d\u00favidas, cr\u00edticas ou sugest\u00f5es, convidamos voc\u00ea a entrar em contato conosco por meio da nossa p\u00e1gina oficial no Facebook, cujo link est\u00e1 dispon\u00edvel no rodap\u00e9 do site. Teremos o maior prazer em ouvir sua opini\u00e3o e ajudar no que for necess\u00e1rio.<\/p>\n<p>Se voc\u00ea \u00e9 anunciante, informamos que este site permite publicidade exclusivamente veiculada pelo Google AdSense para maior seguran\u00e7a e respeito \u00e0 privacidade dos nossos leitores. Agradecemos pela compreens\u00e3o.<\/p>\n","protected":false},"excerpt":{"rendered":"<p>Para d\u00favidas, cr\u00edticas ou sugest\u00f5es, convidamos voc\u00ea a entrar em contato conosco por meio da nossa p\u00e1gina oficial no Facebook, cujo link est\u00e1 dispon\u00edvel no rodap\u00e9 do site. Teremos o maior prazer em ouvir sua opini\u00e3o e ajudar no que for necess\u00e1rio. Se voc\u00ea \u00e9 anunciante, informamos que este site permite publicidade exclusivamente veiculada pelo&#8230;<\/p>\n","protected":false},"author":1,"featured_media":0,"parent":0,"menu_order":0,"comment_status":"closed","ping_status":"closed","template":"","meta":{"footnotes":""},"class_list":["post-3712","page","type-page","status-publish","hentry"],"_links":{"self":[{"href":"https:\/\/motos-motor.com.br\/sugerido\/wp-json\/wp\/v2\/pages\/3712","targetHints":{"allow":["GET"]}}],"collection":[{"href":"https:\/\/motos-motor.com.br\/sugerido\/wp-json\/wp\/v2\/pages"}],"about":[{"href":"https:\/\/motos-motor.com.br\/sugerido\/wp-json\/wp\/v2\/types\/page"}],"author":[{"embeddable":true,"href":"https:\/\/motos-motor.com.br\/sugerido\/wp-json\/wp\/v2\/users\/1"}],"replies":[{"embeddable":true,"href":"https:\/\/motos-motor.com.br\/sugerido\/wp-json\/wp\/v2\/comments?post=3712"}],"version-history":[{"count":0,"href":"https:\/\/motos-motor.com.br\/sugerido\/wp-json\/wp\/v2\/pages\/3712\/revisions"}],"wp:attachment":[{"href":"https:\/\/motos-motor.com.br\/sugerido\/wp-json\/wp\/v2\/media?parent=3712"}],"curies":[{"name":"wp","href":"https:\/\/api.w.org\/{rel}","templated":true}]}}