{"id":4471,"date":"2023-05-04T11:30:58","date_gmt":"2023-05-04T14:30:58","guid":{"rendered":"https:\/\/motos-motor.com.br\/sugerido\/?page_id=4471"},"modified":"2023-05-11T23:57:21","modified_gmt":"2023-05-12T02:57:21","slug":"modelos-com-alteracao-de-precos","status":"publish","type":"page","link":"https:\/\/motos-motor.com.br\/sugerido\/modelos-com-alteracao-de-precos\/","title":{"rendered":"Tend\u00eancia de pre\u00e7os de motocicletas"},"content":{"rendered":"<p>A lista exibe modelos de motocicleta que tiveram aumento ou redu\u00e7\u00e3o de pre\u00e7o nos \u00faltimos meses conforme valor p\u00fablico sugerido informado pelas fabricantes.<\/p>\n","protected":false},"excerpt":{"rendered":"<p>A lista exibe modelos de motocicleta que tiveram aumento ou redu\u00e7\u00e3o de pre\u00e7o nos \u00faltimos meses conforme valor p\u00fablico sugerido informado pelas fabricantes.<\/p>\n","protected":false},"author":1,"featured_media":0,"parent":0,"menu_order":0,"comment_status":"closed","ping_status":"closed","template":"embaixa.php","meta":{"footnotes":""},"class_list":["post-4471","page","type-page","status-publish","hentry"],"_links":{"self":[{"href":"https:\/\/motos-motor.com.br\/sugerido\/wp-json\/wp\/v2\/pages\/4471","targetHints":{"allow":["GET"]}}],"collection":[{"href":"https:\/\/motos-motor.com.br\/sugerido\/wp-json\/wp\/v2\/pages"}],"about":[{"href":"https:\/\/motos-motor.com.br\/sugerido\/wp-json\/wp\/v2\/types\/page"}],"author":[{"embeddable":true,"href":"https:\/\/motos-motor.com.br\/sugerido\/wp-json\/wp\/v2\/users\/1"}],"replies":[{"embeddable":true,"href":"https:\/\/motos-motor.com.br\/sugerido\/wp-json\/wp\/v2\/comments?post=4471"}],"version-history":[{"count":0,"href":"https:\/\/motos-motor.com.br\/sugerido\/wp-json\/wp\/v2\/pages\/4471\/revisions"}],"wp:attachment":[{"href":"https:\/\/motos-motor.com.br\/sugerido\/wp-json\/wp\/v2\/media?parent=4471"}],"curies":[{"name":"wp","href":"https:\/\/api.w.org\/{rel}","templated":true}]}}